{"id":301,"date":"2020-03-03T11:40:13","date_gmt":"2020-03-03T11:40:13","guid":{"rendered":"https:\/\/casmarpal.com\/grup-casmarpal\/"},"modified":"2020-09-18T14:17:16","modified_gmt":"2020-09-18T14:17:16","slug":"grup-casmarpal","status":"publish","type":"page","link":"https:\/\/casmarpal.com\/es\/grup-casmarpal\/","title":{"rendered":"Grupo Casmarpal"},"content":{"rendered":"<p style=\"text-align: center;\">En 2009 las sociedades y los profesionales que formamos parte de la actual CASMARPAL GRUP iniciamos un valioso proyecto de trabajo. El compromiso, la innovaci\u00f3n y la responsabilidad con los clientes y proveedores son los valores esenciales de la filosof\u00eda empresarial. Valores que hemos sabido mantener y potenciar a lo largo de nuestra trayectoria.<\/p>\n<p style=\"text-align: center;\">\nCon nuestra consolidaci\u00f3n en el mercado, nos encontramos en fase de expansi\u00f3n permanente de nuestras empresas: MEC\u00c0NIQUES CASMAR y MEC\u00c1NICAS PALOMERAS. Desde nuestros centros de producci\u00f3n, donde disponemos de una superficie total de 2.000 m2,\u00a0 maquinaria de \u00faltima generaci\u00f3n y una plantilla de profesionales altamente cualificados, atendemos las demandas de los clientes nacionales e internacionales de diferentes sectores industriales, realizando soluciones integrales personalizadas.<\/p>\n<p>&nbsp;<\/p>\n<p style=\"text-align: center;\">Conozca las empresas de CASMARPAL Grup:<\/p>\n","protected":false},"excerpt":{"rendered":"<p>En 2009 las sociedades y los profesionales que formamos parte de la actual CASMARPAL GRUP iniciamos un valioso proyecto de trabajo. El compromiso, la innovaci\u00f3n y la responsabilidad con los clientes y proveedores son los valores esenciales de la filosof\u00eda empresarial. Valores que hemos sabido mantener y potenciar a lo largo de nuestra trayectoria. Con [&hellip;]<\/p>\n","protected":false},"author":2,"featured_media":0,"parent":0,"menu_order":0,"comment_status":"closed","ping_status":"closed","template":"","meta":{"_monsterinsights_skip_tracking":false,"_monsterinsights_sitenote_active":false,"_monsterinsights_sitenote_note":"","_monsterinsights_sitenote_category":0},"_links":{"self":[{"href":"https:\/\/casmarpal.com\/es\/wp-json\/wp\/v2\/pages\/301"}],"collection":[{"href":"https:\/\/casmarpal.com\/es\/wp-json\/wp\/v2\/pages"}],"about":[{"href":"https:\/\/casmarpal.com\/es\/wp-json\/wp\/v2\/types\/page"}],"author":[{"embeddable":true,"href":"https:\/\/casmarpal.com\/es\/wp-json\/wp\/v2\/users\/2"}],"replies":[{"embeddable":true,"href":"https:\/\/casmarpal.com\/es\/wp-json\/wp\/v2\/comments?post=301"}],"version-history":[{"count":7,"href":"https:\/\/casmarpal.com\/es\/wp-json\/wp\/v2\/pages\/301\/revisions"}],"predecessor-version":[{"id":332,"href":"https:\/\/casmarpal.com\/es\/wp-json\/wp\/v2\/pages\/301\/revisions\/332"}],"wp:attachment":[{"href":"https:\/\/casmarpal.com\/es\/wp-json\/wp\/v2\/media?parent=301"}],"curies":[{"name":"wp","href":"https:\/\/api.w.org\/{rel}","templated":true}]}}