{"id":133,"date":"2020-05-28T06:11:44","date_gmt":"2020-05-28T06:11:44","guid":{"rendered":"http:\/\/casmarpal.com\/?page_id=133"},"modified":"2020-06-02T11:54:40","modified_gmt":"2020-06-02T11:54:40","slug":"nota-legal","status":"publish","type":"page","link":"https:\/\/casmarpal.com\/es\/nota-legal\/","title":{"rendered":"Nota legal"},"content":{"rendered":"<h1 style=\"text-align: center;\">Nota legal<\/h1>\n<h2>Pol\u00edtica de privacidad<\/h2>\n<p>MECANIQUES CASMAR S.L. se compromete a proteger la privacidad de los usuarios que accedan a esta web y\/o cualquiera de sus servicios. La utilizaci\u00f3n de la web y\/o de cualquiera de los servicios ofrecidos por MECANIQUES CASMAR S.L. implica la aceptaci\u00f3n por el usuario de las disposiciones contenidas en la presente Pol\u00edtica de Privacidad y que sus datos personales sean tratados seg\u00fan se estipula en ella. Por favor, tenga en cuenta que a pesar de que pueda haber enlaces de nuestra web a otras webs o redes sociales, esta Pol\u00edtica de Privacidad no se aplica a las webs de otras compa\u00f1\u00edas u organizaciones a las que la web est\u00e9 redirigida. MECANIQUES CASMAR S.L. no controla el contenido de las webs de terceros, ni acepta cualquier responsabilidad por el contenido o las pol\u00edticas de privacidad de estas webs.<\/p>\n<p>Informaci\u00f3n b\u00e1sica sobre el tratamiento de datos Reglamento (UE) 2016\/679<\/p>\n<table class=\" aligncenter\" width=\"643\">\n<tbody>\n<tr>\n<td width=\"116\">Responsable del tratamiento<\/td>\n<td width=\"527\">MECANIQUES CASMAR S.L.<\/p>\n<p>NIF: B17735028<\/p>\n<p>C\/Migjorn, 15.\u00a0 FORNELLS DE LA SELVA<\/p>\n<p>Email: casmar@casmarpal.com<\/td>\n<\/tr>\n<tr>\n<td width=\"116\">Finalidad del tratamiento<\/td>\n<td width=\"527\">Ofrecer y gestionar nuestros servicios de mecanizado.<\/td>\n<\/tr>\n<tr>\n<td width=\"116\">Legitimaci\u00f3n<\/td>\n<td width=\"527\">\u25aa Consentimiento obtenido del interesado.<\/p>\n<p>\u25aa Ejecuci\u00f3n del contrato de servicios<\/td>\n<\/tr>\n<tr>\n<td width=\"116\">Destinatarios<\/td>\n<td width=\"527\">Los datos no ser\u00e1n comunicados a terceros, salvo que lo exija una Ley o sea necesario para cumplir con la finalidad del tratamiento.<\/td>\n<\/tr>\n<tr>\n<td width=\"116\">Derechos de las personas<\/td>\n<td width=\"527\">Los interesados tienen derecho a ejercer los derechos de acceso, rectificaci\u00f3n, limitaci\u00f3n de tratamiento, supresi\u00f3n, portabilidad y oposici\u00f3n, enviando su solicitud a nuestra direcci\u00f3n.<\/td>\n<\/tr>\n<tr>\n<td width=\"116\">Plazo de conservaci\u00f3n de los datos<\/td>\n<td width=\"527\">Mientras se mantenga la relaci\u00f3n comercial o durante los a\u00f1os necesarios para cumplir con las obligaciones legales.<\/td>\n<\/tr>\n<tr>\n<td width=\"116\">Reclamaci\u00f3n<\/td>\n<td width=\"527\">Los interesados pueden dirigirse a la AEPD para presentar la reclamaci\u00f3n que considere oportuna.<\/td>\n<\/tr>\n<tr>\n<td width=\"116\">Informaci\u00f3n adicional<\/td>\n<td width=\"527\">Puede consultar la informaci\u00f3n adicional y detallada a continuaci\u00f3n en las \u00abPreguntas sobre privacidad\u00bb<\/td>\n<\/tr>\n<\/tbody>\n<\/table>\n<p>&nbsp;<\/p>\n<p><strong>Preguntas sobre privacidad<\/strong><\/p>\n<p>En cumplimiento del Reglamento (UE) 2016\/679 del Parlamento Europeo y del Consejo, de 27 de abril de 2016, (RGPD), le ofrecemos la siguiente informaci\u00f3n sobre el tratamiento de sus datos personales:<\/p>\n<p>&nbsp;<\/p>\n<p><strong>\u00bfQui\u00e9n es el responsable del tratamiento de sus datos?<\/strong><\/p>\n<p>Identidad: Mecaniques Casmar s.l.<\/p>\n<p>NIF: B17735028<\/p>\n<p>Direcci\u00f3n: c\/migjorn,15. 17458 FORNELLS DE LA SELVA<\/p>\n<p>Tel.: 972234995<\/p>\n<p>Email: casmar@casmarpal.com<\/p>\n<p>&nbsp;<\/p>\n<p><strong>\u00bfCon qu\u00e9 finalidad tratamos sus datos personales?<\/strong><\/p>\n<ul>\n<li>Tratamos la informaci\u00f3n que se nos facilita para gestionar nuestros servicios de asesoramiento inmobiliario.<\/li>\n<li>En el caso de que se ponga en contacto con nosotros a trav\u00e9s del formulario de contacto de nuestra p\u00e1gina web, los trataremos para gestionar su consulta.<\/li>\n<li>Si nos da su consentimiento tambi\u00e9n podremos tratar sus datos para enviarle informaci\u00f3n sobre nuestras actividades, productos o servicios.<\/li>\n<li>Si nos env\u00eda un curr\u00edculum, trataremos los datos con el fin de gestionar la base de CV \u2018s para la selecci\u00f3n de personal.<\/li>\n<\/ul>\n<p>&nbsp;<\/p>\n<p><strong>\u00bfCu\u00e1nto tiempo conservaremos sus datos?<\/strong><\/p>\n<ul>\n<li>Los datos personales proporcionados se conservar\u00e1n mientras sea usuario de nuestros servicios o quiera recibir informaci\u00f3n, dado que puede oponerse al tratamiento de sus datos con fines promocionales en cualquier momento, y luego, durante los plazos establecidos para cumplir con nuestras obligaciones legales, que en el caso documentaci\u00f3n contable y fiscal a efectos mercantiles ser\u00e1n 6 a\u00f1os, de conformidad con el Art. 30 del C\u00f3digo Comercio, y a efectos fiscales ser\u00e1n 4 a\u00f1os, de acuerdo con los art\u00edculos 66 a 70 de la Ley General Tributaria.<\/li>\n<li>En el caso de los curr\u00edculums los datos se conservar\u00e1n durante un a\u00f1<\/li>\n<\/ul>\n<p>&nbsp;<\/p>\n<p><strong>\u00bfCu\u00e1l es la legitimaci\u00f3n para el tratamiento de sus datos?<\/strong><\/p>\n<p>La legitimaci\u00f3n para tratarlos se encuentra en la ejecuci\u00f3n del contrato de servicios y en los consentimientos que nos da.<\/p>\n<p>Respecto a aquella informaci\u00f3n que sea remitida por menores de 16 a\u00f1os, ser\u00e1 requisito imprescindible que se haga con el consentimiento paterno, del tutor o del legal representante del menor para que los datos personales puedan ser objeto de tratamiento. Si no es as\u00ed, el representante legal del menor nos lo comunicar\u00e1 tan pronto como tenga conocimiento.<\/p>\n<p>&nbsp;<\/p>\n<p><strong>\u00bfA qu\u00e9 destinatarios se comunicar\u00e1n sus datos?<\/strong><\/p>\n<p>Los datos no ser\u00e1n comunicados a terceros, salvo que lo exija una Ley o sea necesario para cumplir con la finalidad del tratamiento.<\/p>\n<p>&nbsp;<\/p>\n<p><strong>\u00bfCu\u00e1les son sus derechos cuando nos facilita sus datos?<\/strong><\/p>\n<ul>\n<li>Cualquier persona tiene derecho a obtener confirmaci\u00f3n sobre si estamos tratando o no sus datos personales.<\/li>\n<li>Los interesados tienen derecho a acceder a sus datos personales, as\u00ed como a solicitar la rectificaci\u00f3n de los datos inexactos o, en su caso, solicitar su supresi\u00f3n cuando, entre otros motivos, los datos ya no sean necesarios para las finalidades para las que se recogieron.<\/li>\n<li>En determinadas circunstancias los interesados podr\u00e1n solicitar la limitaci\u00f3n del tratamiento de sus datos, en este caso \u00fanicamente los conservaremos para el ejercicio o la defensa de reclamaciones.<\/li>\n<li>Tambi\u00e9n, en determinadas circunstancias y por motivos relacionados con su situaci\u00f3n particular, los interesados pueden oponerse al tratamiento de sus datos. En este caso dejaremos de tratar los datos, excepto por motivos leg\u00edtimos imperiosos o para el ejercicio o la defensa de posibles reclamaciones.<\/li>\n<li>Los interesados tambi\u00e9n tienen derecho a la portabilidad de sus datos.<\/li>\n<li>Todo interesado tendr\u00e1 derecho a no ser objeto de una decisi\u00f3n basada \u00fanicamente en el tratamiento automatizado, incluida la elaboraci\u00f3n de perfiles, que produzca efectos jur\u00eddicos en \u00e9l o le afecte significativamente de modo similar.<\/li>\n<li>Finalmente, los interesados tienen derecho a presentar una reclamaci\u00f3n ante la Autoridad de Control competente.<\/li>\n<\/ul>\n<p>&nbsp;<\/p>\n<p><strong>\u00bfC\u00f3mo puede ejercer sus derechos?<\/strong><\/p>\n<p>Enviando un escrito adjuntando una copia de un documento que lo identifique, a nuestra direcci\u00f3n f\u00edsica o la electr\u00f3nica.<\/p>\n<p>&nbsp;<\/p>\n<p><strong>\u00bfC\u00f3mo hemos obtenido sus datos?<\/strong><\/p>\n<p>Los datos personales que tratamos proceden del propio interesado. El interesado garantiza que los datos personales facilitados son ciertos y se hace responsable de comunicar cualquier modificaci\u00f3n de estos. Los datos que est\u00e9n marcados con un asterisco ser\u00e1n obligatorios para poder darle el servicio solicitado.<\/p>\n<p>&nbsp;<\/p>\n<p><strong>\u00bfQu\u00e9 datos tratamos?<\/strong><\/p>\n<p>Las categor\u00edas de datos que podemos tratar en la prestaci\u00f3n de nuestros servicios son:<\/p>\n<ul>\n<li>Datos de car\u00e1cter identificativo<\/li>\n<li>Direcciones postales o electr\u00f3nicas<\/li>\n<\/ul>\n<p>En el caso de los curr\u00edculos, tambi\u00e9n:<\/p>\n<ul>\n<li>Caracter\u00edsticas personales<\/li>\n<li>Acad\u00e9micos y profesionales<\/li>\n<\/ul>\n<p>Los datos son limitados, dado que \u00fanicamente tratamos los datos necesarios para la prestaci\u00f3n de nuestros servicios y la gesti\u00f3n de nuestra actividad.<\/p>\n<p>&nbsp;<\/p>\n<p><strong>\u00bfUsamos cookies?<\/strong><\/p>\n<p>Utilizamos cookies durante la navegaci\u00f3n en nuestra web con el consentimiento del usuario.<\/p>\n<p>El usuario puede configurar su navegador para ser avisado de la utilizaci\u00f3n de cookies y para evitar su uso. Por favor, visite nuestra pol\u00edtica de cookies.<\/p>\n<p>&nbsp;<\/p>\n<p><strong>\u00bfQu\u00e9 medidas de seguridad aplicamos?<\/strong><\/p>\n<p>Aplicamos las medidas de seguridad establecidas en el art\u00edculo 32 del RGPD, por tanto, hemos adoptado las medidas de seguridad necesarias para garantizar un nivel de seguridad adecuado al riesgo del tratamiento de datos que realizamos, con mecanismos que nos permiten garantizar la confidencialidad, integridad, disponibilidad y resiliencia permanente de los sistemas y servicios de tratamiento.<\/p>\n<p style=\"padding-left: 40px;\">Algunas de estas medidas son:<\/p>\n<ul>\n<li style=\"list-style-type: none;\">\n<ul>\n<li>Informaci\u00f3n de las pol\u00edticas de tratamiento de datos al personal.<\/li>\n<li>Realizaci\u00f3n de copias de seguridad peri\u00f3dicas<\/li>\n<li>Control de acceso a los datos<\/li>\n<li>Procesos de verificaci\u00f3n, evaluaci\u00f3n y valoraci\u00f3n regulares.<\/li>\n<\/ul>\n<\/li>\n<\/ul>\n<p>&nbsp;<\/p>\n<h2>Aviso legal<\/h2>\n<p><strong>Informaci\u00f3n de conformidad con el art\u00edculo 10 de la LSSI<\/strong><\/p>\n<p>La titular de esta web es:<\/p>\n<p>Identidad: MECANIQUES CASMAR S.L.<br \/>\nNIF: B17735028<br \/>\nDirecci\u00f3n: C\/MIGJORN,15. \u00a017458 FORNELLS DE LA SELVA<br \/>\nTel.: 972234995<br \/>\nEmail: casmar@casmarpal.com<br \/>\nInscrita en el Registro Mercantil de Girona, inscripci\u00f3n 1_, Hoja GI-31540, Folio 129, Tomo 1896<\/p>\n<p>&nbsp;<\/p>\n<p><strong>Condiciones de uso<\/strong><\/p>\n<p>El uso de esta web implica la aceptaci\u00f3n plena de los t\u00e9rminos y condiciones del presente aviso legal. Los posibles conflictos relativos a esta web se regir\u00e1n exclusivamente por el derecho del Estado espa\u00f1ol. Toda persona usuaria de la web, independientemente de la jurisdicci\u00f3n territorial desde la que se produzca su acceso, acepta el cumplimiento y respeto de estas cl\u00e1usulas con renuncia expresa a cualquier otro fuero que pudiera corresponderle.<\/p>\n<p>&nbsp;<\/p>\n<p><strong>Propiedad intelectual e industrial<\/strong><\/p>\n<p>La totalidad del contenido de este sitio web, ya sean textos, im\u00e1genes, sonidos, marcas, logotipos u otros elementos, as\u00ed como subestructura, dise\u00f1o, combinaciones de colores o forma de presentaci\u00f3n de los materiales, est\u00e1n protegidos por derechos de propiedad industrial e intelectual que el usuario de este sitio web debe respetar. No es l\u00edcita su transformaci\u00f3n o alteraci\u00f3n, comunicaci\u00f3n p\u00fablica o cualquier otra forma de explotaci\u00f3n por cualquier procedimiento sin la autorizaci\u00f3n expresa de MECANIQUES CASMAR S.L..<\/p>\n<p>&nbsp;<\/p>\n<p><strong>Responsabilidad sobre los contenidos<\/strong><\/p>\n<p>Aunque MECANIQUES CASMAR S.L. act\u00faa con la m\u00e1xima diligencia posible, puede darse el caso de que alg\u00fan dato o informaci\u00f3n no est\u00e9 del todo actualizada en el momento que el usuario del sitio web lo consulte. Por ello, las informaciones que se presentan en esta web tienen una funci\u00f3n orientativa y no obligan a MECANIQUES CASMAR S.L..<\/p>\n<p>MECANIQUES CASMAR S.L. no ser\u00e1 responsable de la informaci\u00f3n que se pueda obtener a trav\u00e9s de enlaces incluidos en su web.<\/p>\n<p>MECANIQUES CASMAR S.L. se reserva la facultad de realizar, en cualquier momento y sin necesidad de preaviso, modificaciones o actualizaciones de la informaci\u00f3n y de cualquiera de los elementos que integren el dise\u00f1o y configuraci\u00f3n de la p\u00e1gina web.<\/p>\n<p>&nbsp;<\/p>\n<p><strong>Ley aplicable y jurisdicci\u00f3n:<\/strong><\/p>\n<p>El uso de este sitio web implica la aceptaci\u00f3n plena de los t\u00e9rminos y condiciones de la presente pol\u00edtica legal. Los posibles conflictos relativos a esta web se regir\u00e1n exclusivamente por la legislaci\u00f3n espa\u00f1ola, siendo competentes los Juzgados y Tribunales espa\u00f1oles para conocer de cuantas cuestiones se susciten sobre ella. El usuario, por virtud de su aceptaci\u00f3n renuncia expresamente a cualquier fuero que por aplicaci\u00f3n de la Ley de Enjuiciamiento Civil vigente pudiera corresponderle.<\/p>\n","protected":false},"excerpt":{"rendered":"<p>Nota legal Pol\u00edtica de privacidad MECANIQUES CASMAR S.L. se compromete a proteger la privacidad de los usuarios que accedan a esta web y\/o cualquiera de sus servicios. La utilizaci\u00f3n de la web y\/o de cualquiera de los servicios ofrecidos por MECANIQUES CASMAR S.L. implica la aceptaci\u00f3n por el usuario de las disposiciones contenidas en la [&hellip;]<\/p>\n","protected":false},"author":2,"featured_media":0,"parent":0,"menu_order":0,"comment_status":"closed","ping_status":"closed","template":"","meta":{"_monsterinsights_skip_tracking":false,"_monsterinsights_sitenote_active":false,"_monsterinsights_sitenote_note":"","_monsterinsights_sitenote_category":0},"_links":{"self":[{"href":"https:\/\/casmarpal.com\/es\/wp-json\/wp\/v2\/pages\/133"}],"collection":[{"href":"https:\/\/casmarpal.com\/es\/wp-json\/wp\/v2\/pages"}],"about":[{"href":"https:\/\/casmarpal.com\/es\/wp-json\/wp\/v2\/types\/page"}],"author":[{"embeddable":true,"href":"https:\/\/casmarpal.com\/es\/wp-json\/wp\/v2\/users\/2"}],"replies":[{"embeddable":true,"href":"https:\/\/casmarpal.com\/es\/wp-json\/wp\/v2\/comments?post=133"}],"version-history":[{"count":3,"href":"https:\/\/casmarpal.com\/es\/wp-json\/wp\/v2\/pages\/133\/revisions"}],"predecessor-version":[{"id":181,"href":"https:\/\/casmarpal.com\/es\/wp-json\/wp\/v2\/pages\/133\/revisions\/181"}],"wp:attachment":[{"href":"https:\/\/casmarpal.com\/es\/wp-json\/wp\/v2\/media?parent=133"}],"curies":[{"name":"wp","href":"https:\/\/api.w.org\/{rel}","templated":true}]}}